{"id":19691,"date":"2023-09-20T14:11:56","date_gmt":"2023-09-20T14:11:56","guid":{"rendered":"https:\/\/axor.com\/?page_id=19691"},"modified":"2023-09-20T16:16:53","modified_gmt":"2023-09-20T16:16:53","slug":"private-life","status":"publish","type":"page","link":"https:\/\/www.axor.com\/en\/private-life\/","title":{"rendered":"Private life"},"content":{"rendered":"<p>[vc_row css_animation=&#8221;&#8221; row_type=&#8221;row&#8221; use_row_as_full_screen_section=&#8221;no&#8221; type=&#8221;full_width&#8221; angled_section=&#8221;no&#8221; text_align=&#8221;left&#8221; background_image_as_pattern=&#8221;without_pattern&#8221; z_index=&#8221;&#8221; padding_top=&#8221;40&#8243; padding_bottom=&#8221;35&#8243;][vc_column width=&#8221;5\/6&#8243;][vc_column_text]<\/p>\n<h2 style=\"text-align: left;\">Politique de confidentialit\u00e9 d\u2019AXOR en un coup d\u2019oeil<\/h2>\n<p>[\/vc_column_text][vc_separator type=&#8221;small&#8221; position=&#8221;left&#8221; color=&#8221;#80b9aa&#8221; thickness=&#8221;3&#8243; width=&#8221;80&#8243;][vc_column_text]Cette politique s\u2019applique aux renseignements personnels provenant de l\u2019externe d\u2019AXOR et les soci\u00e9t\u00e9s du m\u00eame groupe (ci-apr\u00e8s : AXOR).[\/vc_column_text][\/vc_column][vc_column width=&#8221;1\/6&#8243;][\/vc_column][\/vc_row][vc_row css_animation=&#8221;&#8221; row_type=&#8221;row&#8221; use_row_as_full_screen_section=&#8221;no&#8221; type=&#8221;full_width&#8221; angled_section=&#8221;no&#8221; text_align=&#8221;left&#8221; background_image_as_pattern=&#8221;without_pattern&#8221; z_index=&#8221;&#8221; padding_bottom=&#8221;35&#8243;][vc_column width=&#8221;5\/6&#8243;][vc_column_text]<\/p>\n<h3 style=\"text-align: left;\">Pourquoi recueillons-nous vos Renseignements personnels ?<\/h3>\n<p>[\/vc_column_text][vc_empty_space height=&#8221;15px&#8221;][vc_column_text]<\/p>\n<ul>\n<li style=\"list-style-type: none;\">\n<ul class=\"axor-bullets\">\n<li>Pour analyser votre candidature, faciliter votre embauche ou, avec votre consentement, afin de vous recontacter pour d\u2019autres offres;<\/li>\n<li>Pour communiquer avec vous;<\/li>\n<li>Pour se conformer \u00e0 nos politiques;<\/li>\n<li>Pour prot\u00e9ger nos int\u00e9r\u00eats;<\/li>\n<li>Pour atteindre nos objectifs commerciaux;<\/li>\n<\/ul>\n<\/li>\n<\/ul>\n<p>[\/vc_column_text][\/vc_column][vc_column width=&#8221;1\/6&#8243;][\/vc_column][\/vc_row][vc_row css_animation=&#8221;&#8221; row_type=&#8221;row&#8221; use_row_as_full_screen_section=&#8221;no&#8221; type=&#8221;full_width&#8221; angled_section=&#8221;no&#8221; text_align=&#8221;left&#8221; background_image_as_pattern=&#8221;without_pattern&#8221; z_index=&#8221;&#8221; padding_bottom=&#8221;35&#8243;][vc_column width=&#8221;5\/6&#8243;][vc_column_text]<\/p>\n<h3 style=\"text-align: left;\">Comment obtenons-nous votre consentement ?<\/h3>\n<p>[\/vc_column_text][vc_column_text]Comme vous choisissez de nous fournir vos Renseignements personnels apr\u00e8s avoir pris connaissance de la pr\u00e9sente politique, nous supposons que vous consentez \u00e0 la collecte, \u00e0 l\u2019utilisation et \u00e0 la communication de vos Renseignements personnels.<\/p>\n<p>Nous n\u2019utiliserons en aucune fa\u00e7on vos renseignements personnels \u00e0 une finalit\u00e9 qui ne vous a pas \u00e9t\u00e9 indiqu\u00e9e dans cette politique ou qui n\u2019est pas pr\u00e9vue par la loi, sans vous demander votre consentement pour cette nouvelle finalit\u00e9.[\/vc_column_text][\/vc_column][vc_column width=&#8221;1\/6&#8243;][\/vc_column][\/vc_row][vc_row css_animation=&#8221;&#8221; row_type=&#8221;row&#8221; use_row_as_full_screen_section=&#8221;no&#8221; type=&#8221;full_width&#8221; angled_section=&#8221;no&#8221; text_align=&#8221;left&#8221; background_image_as_pattern=&#8221;without_pattern&#8221; z_index=&#8221;&#8221; padding_bottom=&#8221;35&#8243;][vc_column width=&#8221;5\/6&#8243;][vc_column_text]<\/p>\n<h3 style=\"text-align: left;\">\u00c0 qui communiquons-nous vos Renseignements personnels ?<\/h3>\n<p>[\/vc_column_text][vc_column_text]<\/p>\n<p>Nous pouvons communiquer vos Renseignements personnels \u00e0 l\u2019ext\u00e9rieur du Qu\u00e9bec ou de votre province de r\u00e9sidence pour, notamment :<\/p>\n<ul class=\"axor-bullets\">\n<li>L\u2019h\u00e9bergement du site internet;<\/li>\n<li>Les logiciels de ressources humaines;<\/li>\n<li>La gestion des bases de donn\u00e9es des cam\u00e9ras de s\u00e9curit\u00e9 et de l\u2019acc\u00e8s aux portes des b\u00e2timents lors des entrevues;<\/li>\n<li>Contractuels qui effectuent des t\u00e2ches internes tels que des employ\u00e9s d\u2019AXOR.<\/li>\n<\/ul>\n<p>[\/vc_column_text][\/vc_column][vc_column width=&#8221;1\/6&#8243;][\/vc_column][\/vc_row][vc_row css_animation=&#8221;&#8221; row_type=&#8221;row&#8221; use_row_as_full_screen_section=&#8221;no&#8221; type=&#8221;full_width&#8221; angled_section=&#8221;no&#8221; text_align=&#8221;left&#8221; background_image_as_pattern=&#8221;without_pattern&#8221; z_index=&#8221;&#8221; padding_bottom=&#8221;35&#8243;][vc_column width=&#8221;5\/6&#8243;][vc_column_text]<\/p>\n<h3 style=\"text-align: left;\">Quels droits avez-vous \u00e0 l\u2019\u00e9gard de vos Renseignements personnels ?<\/h3>\n<p>[\/vc_column_text][vc_column_text]<\/p>\n<p>Vous pouvez \u00e0 tout moment :<\/p>\n<ul class=\"axor-bullets\">\n<li>Retirer votre consentement \u00e0 la collecte, \u00e0 l\u2019utilisation ou \u00e0 la communication de vos renseignements personnels;<\/li>\n<li>Demander d\u2019acc\u00e9der ou de rectifier vos Renseignements personnels.<\/li>\n<\/ul>\n<p>[\/vc_column_text][\/vc_column][vc_column width=&#8221;1\/6&#8243;][\/vc_column][\/vc_row][vc_row css_animation=&#8221;&#8221; row_type=&#8221;row&#8221; use_row_as_full_screen_section=&#8221;no&#8221; type=&#8221;full_width&#8221; angled_section=&#8221;no&#8221; text_align=&#8221;left&#8221; background_image_as_pattern=&#8221;without_pattern&#8221; z_index=&#8221;&#8221; padding_bottom=&#8221;35&#8243;][vc_column width=&#8221;5\/6&#8243;][vc_column_text]<\/p>\n<h3 style=\"text-align: left;\">Nous joindre<\/h3>\n<p>[\/vc_column_text][vc_column_text]Vous pouvez adresser toute demande, question, plainte ou commentaire concernant la pr\u00e9sente politique \u00e0 notre Responsable de la protection de la vie priv\u00e9e aux coordonn\u00e9es suivantes :<\/p>\n<p><strong>Responsable de la protection des renseignements personnels<\/strong><br \/>\n1555, rue Peel, bureau 1100, Montr\u00e9al (Qu\u00e9bec) H2A 3L8<br \/>\n<a href=\"mailto:renseignementspersonels@axor.com\">renseignementspersonels@axor.com<\/a>[\/vc_column_text][\/vc_column][vc_column width=&#8221;1\/6&#8243;][\/vc_column][\/vc_row][vc_row css_animation=&#8221;&#8221; row_type=&#8221;row&#8221; use_row_as_full_screen_section=&#8221;no&#8221; type=&#8221;full_width&#8221; angled_section=&#8221;no&#8221; text_align=&#8221;left&#8221; background_image_as_pattern=&#8221;without_pattern&#8221; size=&#8221;small&#8221; style=&#8221;&#8221; icon_pack=&#8221;font_awesome&#8221; icon=&#8221;&#8221; font_awesome_5=&#8221;&#8221; target=&#8221;_self&#8221; hover_type=&#8221;default&#8221; gradient=&#8221;no&#8221; text_transform=&#8221;initial&#8221; font_style=&#8221;&#8221; font_weight=&#8221;&#8221; button_shadow=&#8221;&#8221; text=&#8221;VOIR PLUS DE PROJETS&#8221; hover_background_color=&#8221;#404040&#8243; hover_border_color=&#8221;#f6d44d&#8221; border_radius=&#8221;8&#8243; font_size=&#8221;18&#8243; margin=&#8221;0px 0px 0px 0px&#8221; custom_class=&#8221;custom-yellow-button&#8221; link=&#8221;\/portfolio\/#energie-renouvelable&#8221; icon_color=&#8221;&#8221; button_id=&#8221;&#8221; font_family=&#8221;&#8221; letter_spacing=&#8221;&#8221; z_index=&#8221;&#8221; padding_bottom=&#8221;80&#8243;][vc_column width=&#8221;1\/3&#8243;]<a  itemprop=\"url\" href=\"https:\/\/axor.com\/wp-content\/uploads\/2023\/09\/Politique-sur-la-gestion-des-Renseignements-personnels-provenant-de-lexterne.pdf\" target=\"_blank\" data-hover-background-color='#404040' data-hover-border-color='#f6d44d' data-hover-color='#f6d44d' class=\"qbutton  small default custom-yellow-button\" style=\"color: #404040; border-color: #f6d44d; text-transform: initial; font-size: 18px; margin: 0px 0px 0px 0px; border-radius: 8px;-moz-border-radius: 8px;-webkit-border-radius: 8px; background-color: #f6d44d;\">VOIR POLITIQUE COMPL\u00c8TE<\/a>[\/vc_column][vc_column width=&#8221;1\/3&#8243;][\/vc_column][vc_column width=&#8221;1\/3&#8243;][\/vc_column][\/vc_row]<\/p>\n","protected":false},"excerpt":{"rendered":"<p>[vc_row css_animation=&#8221;&#8221; row_type=&#8221;row&#8221; use_row_as_full_screen_section=&#8221;no&#8221; type=&#8221;full_width&#8221; angled_section=&#8221;no&#8221; text_align=&#8221;left&#8221; background_image_as_pattern=&#8221;without_pattern&#8221; z_index=&#8221;&#8221; padding_top=&#8221;40&#8243; padding_bottom=&#8221;35&#8243;][vc_column width=&#8221;5\/6&#8243;][vc_column_text] Politique de confidentialit\u00e9 d\u2019AXOR en un coup d\u2019oeil [\/vc_column_text][vc_separator type=&#8221;small&#8221; position=&#8221;left&#8221; color=&#8221;#80b9aa&#8221; thickness=&#8221;3&#8243; width=&#8221;80&#8243;][vc_column_text]Cette politique s\u2019applique aux renseignements personnels provenant de l\u2019externe d\u2019AXOR et les soci\u00e9t\u00e9s du m\u00eame groupe (ci-apr\u00e8s : AXOR).[\/vc_column_text][\/vc_column][vc_column width=&#8221;1\/6&#8243;][\/vc_column][\/vc_row][vc_row&#8230;<\/p>\n","protected":false},"author":3,"featured_media":0,"parent":0,"menu_order":0,"comment_status":"closed","ping_status":"closed","template":"","meta":{"_acf_changed":false,"inline_featured_image":false,"footnotes":""},"class_list":["post-19691","page","type-page","status-publish","hentry"],"acf":[],"yoast_head":"<!-- This site is optimized with the Yoast SEO plugin v27.4 - https:\/\/yoast.com\/product\/yoast-seo-wordpress\/ -->\n<title>Private life - Group AXOR Inc.<\/title>\n<meta name=\"robots\" content=\"index, follow, max-snippet:-1, max-image-preview:large, max-video-preview:-1\" \/>\n<link rel=\"canonical\" href=\"https:\/\/www.axor.com\/en\/private-life\/\" \/>\n<meta property=\"og:locale\" content=\"en_US\" \/>\n<meta property=\"og:type\" content=\"article\" \/>\n<meta property=\"og:title\" content=\"Private life - Group AXOR Inc.\" \/>\n<meta property=\"og:description\" content=\"[vc_row css_animation=&#8221;&#8221; row_type=&#8221;row&#8221; use_row_as_full_screen_section=&#8221;no&#8221; type=&#8221;full_width&#8221; angled_section=&#8221;no&#8221; text_align=&#8221;left&#8221; background_image_as_pattern=&#8221;without_pattern&#8221; z_index=&#8221;&#8221; padding_top=&#8221;40&#8243; padding_bottom=&#8221;35&#8243;][vc_column width=&#8221;5\/6&#8243;][vc_column_text] Politique de confidentialit\u00e9 d\u2019AXOR en un coup d\u2019oeil [\/vc_column_text][vc_separator type=&#8221;small&#8221; position=&#8221;left&#8221; color=&#8221;#80b9aa&#8221; thickness=&#8221;3&#8243; width=&#8221;80&#8243;][vc_column_text]Cette politique s\u2019applique aux renseignements personnels provenant de l\u2019externe d\u2019AXOR et les soci\u00e9t\u00e9s du m\u00eame groupe (ci-apr\u00e8s : AXOR).[\/vc_column_text][\/vc_column][vc_column width=&#8221;1\/6&#8243;][\/vc_column][\/vc_row][vc_row...\" \/>\n<meta property=\"og:url\" content=\"https:\/\/www.axor.com\/en\/private-life\/\" \/>\n<meta property=\"og:site_name\" content=\"Group AXOR Inc.\" \/>\n<meta property=\"article:modified_time\" content=\"2023-09-20T16:16:53+00:00\" \/>\n<meta name=\"twitter:card\" content=\"summary_large_image\" \/>\n<meta name=\"twitter:label1\" content=\"Est. reading time\" \/>\n\t<meta name=\"twitter:data1\" content=\"2 minutes\" \/>\n<script type=\"application\/ld+json\" class=\"yoast-schema-graph\">{\"@context\":\"https:\\\/\\\/schema.org\",\"@graph\":[{\"@type\":\"WebPage\",\"@id\":\"https:\\\/\\\/www.axor.com\\\/en\\\/private-life\\\/\",\"url\":\"https:\\\/\\\/www.axor.com\\\/en\\\/private-life\\\/\",\"name\":\"Private life - Group AXOR Inc.\",\"isPartOf\":{\"@id\":\"https:\\\/\\\/www.axor.com\\\/en\\\/#website\"},\"datePublished\":\"2023-09-20T14:11:56+00:00\",\"dateModified\":\"2023-09-20T16:16:53+00:00\",\"breadcrumb\":{\"@id\":\"https:\\\/\\\/www.axor.com\\\/en\\\/private-life\\\/#breadcrumb\"},\"inLanguage\":\"en-US\",\"potentialAction\":[{\"@type\":\"ReadAction\",\"target\":[\"https:\\\/\\\/www.axor.com\\\/en\\\/private-life\\\/\"]}]},{\"@type\":\"BreadcrumbList\",\"@id\":\"https:\\\/\\\/www.axor.com\\\/en\\\/private-life\\\/#breadcrumb\",\"itemListElement\":[{\"@type\":\"ListItem\",\"position\":1,\"name\":\"Home\",\"item\":\"https:\\\/\\\/www.axor.com\\\/en\\\/\"},{\"@type\":\"ListItem\",\"position\":2,\"name\":\"Private life\"}]},{\"@type\":\"WebSite\",\"@id\":\"https:\\\/\\\/www.axor.com\\\/en\\\/#website\",\"url\":\"https:\\\/\\\/www.axor.com\\\/en\\\/\",\"name\":\"Group AXOR Inc.\",\"description\":\"\",\"potentialAction\":[{\"@type\":\"SearchAction\",\"target\":{\"@type\":\"EntryPoint\",\"urlTemplate\":\"https:\\\/\\\/www.axor.com\\\/en\\\/?s={search_term_string}\"},\"query-input\":{\"@type\":\"PropertyValueSpecification\",\"valueRequired\":true,\"valueName\":\"search_term_string\"}}],\"inLanguage\":\"en-US\"}]}<\/script>\n<!-- \/ Yoast SEO plugin. -->","yoast_head_json":{"title":"Private life - Group AXOR Inc.","robots":{"index":"index","follow":"follow","max-snippet":"max-snippet:-1","max-image-preview":"max-image-preview:large","max-video-preview":"max-video-preview:-1"},"canonical":"https:\/\/www.axor.com\/en\/private-life\/","og_locale":"en_US","og_type":"article","og_title":"Private life - Group AXOR Inc.","og_description":"[vc_row css_animation=&#8221;&#8221; row_type=&#8221;row&#8221; use_row_as_full_screen_section=&#8221;no&#8221; type=&#8221;full_width&#8221; angled_section=&#8221;no&#8221; text_align=&#8221;left&#8221; background_image_as_pattern=&#8221;without_pattern&#8221; z_index=&#8221;&#8221; padding_top=&#8221;40&#8243; padding_bottom=&#8221;35&#8243;][vc_column width=&#8221;5\/6&#8243;][vc_column_text] Politique de confidentialit\u00e9 d\u2019AXOR en un coup d\u2019oeil [\/vc_column_text][vc_separator type=&#8221;small&#8221; position=&#8221;left&#8221; color=&#8221;#80b9aa&#8221; thickness=&#8221;3&#8243; width=&#8221;80&#8243;][vc_column_text]Cette politique s\u2019applique aux renseignements personnels provenant de l\u2019externe d\u2019AXOR et les soci\u00e9t\u00e9s du m\u00eame groupe (ci-apr\u00e8s : AXOR).[\/vc_column_text][\/vc_column][vc_column width=&#8221;1\/6&#8243;][\/vc_column][\/vc_row][vc_row...","og_url":"https:\/\/www.axor.com\/en\/private-life\/","og_site_name":"Group AXOR Inc.","article_modified_time":"2023-09-20T16:16:53+00:00","twitter_card":"summary_large_image","twitter_misc":{"Est. reading time":"2 minutes"},"schema":{"@context":"https:\/\/schema.org","@graph":[{"@type":"WebPage","@id":"https:\/\/www.axor.com\/en\/private-life\/","url":"https:\/\/www.axor.com\/en\/private-life\/","name":"Private life - Group AXOR Inc.","isPartOf":{"@id":"https:\/\/www.axor.com\/en\/#website"},"datePublished":"2023-09-20T14:11:56+00:00","dateModified":"2023-09-20T16:16:53+00:00","breadcrumb":{"@id":"https:\/\/www.axor.com\/en\/private-life\/#breadcrumb"},"inLanguage":"en-US","potentialAction":[{"@type":"ReadAction","target":["https:\/\/www.axor.com\/en\/private-life\/"]}]},{"@type":"BreadcrumbList","@id":"https:\/\/www.axor.com\/en\/private-life\/#breadcrumb","itemListElement":[{"@type":"ListItem","position":1,"name":"Home","item":"https:\/\/www.axor.com\/en\/"},{"@type":"ListItem","position":2,"name":"Private life"}]},{"@type":"WebSite","@id":"https:\/\/www.axor.com\/en\/#website","url":"https:\/\/www.axor.com\/en\/","name":"Group AXOR Inc.","description":"","potentialAction":[{"@type":"SearchAction","target":{"@type":"EntryPoint","urlTemplate":"https:\/\/www.axor.com\/en\/?s={search_term_string}"},"query-input":{"@type":"PropertyValueSpecification","valueRequired":true,"valueName":"search_term_string"}}],"inLanguage":"en-US"}]}},"_links":{"self":[{"href":"https:\/\/www.axor.com\/en\/wp-json\/wp\/v2\/pages\/19691","targetHints":{"allow":["GET"]}}],"collection":[{"href":"https:\/\/www.axor.com\/en\/wp-json\/wp\/v2\/pages"}],"about":[{"href":"https:\/\/www.axor.com\/en\/wp-json\/wp\/v2\/types\/page"}],"author":[{"embeddable":true,"href":"https:\/\/www.axor.com\/en\/wp-json\/wp\/v2\/users\/3"}],"replies":[{"embeddable":true,"href":"https:\/\/www.axor.com\/en\/wp-json\/wp\/v2\/comments?post=19691"}],"version-history":[{"count":26,"href":"https:\/\/www.axor.com\/en\/wp-json\/wp\/v2\/pages\/19691\/revisions"}],"predecessor-version":[{"id":19749,"href":"https:\/\/www.axor.com\/en\/wp-json\/wp\/v2\/pages\/19691\/revisions\/19749"}],"wp:attachment":[{"href":"https:\/\/www.axor.com\/en\/wp-json\/wp\/v2\/media?parent=19691"}],"curies":[{"name":"wp","href":"https:\/\/api.w.org\/{rel}","templated":true}]}}